{"id":10,"date":"2024-09-30T09:59:15","date_gmt":"2024-09-30T07:59:15","guid":{"rendered":"https:\/\/hps68.fr\/?page_id=10"},"modified":"2025-08-30T14:14:44","modified_gmt":"2025-08-30T12:14:44","slug":"services","status":"publish","type":"page","link":"https:\/\/hps68.fr\/index.php\/services\/","title":{"rendered":"Nos services"},"content":{"rendered":"\n<div class=\"wp-block-cover alignfull\" style=\"min-height:50px;aspect-ratio:unset;\" id=\"top-serv\"><img loading=\"lazy\" decoding=\"async\" width=\"4721\" height=\"1170\" class=\"wp-block-cover__image-background wp-image-143\" alt=\"\" src=\"https:\/\/hps68.fr\/wp-content\/uploads\/2024\/09\/servimenu2.png\" style=\"object-position:37% 42%\" data-object-fit=\"cover\" data-object-position=\"37% 42%\" srcset=\"https:\/\/hps68.fr\/wp-content\/uploads\/2024\/09\/servimenu2.png 4721w, https:\/\/hps68.fr\/wp-content\/uploads\/2024\/09\/servimenu2-300x74.png 300w, https:\/\/hps68.fr\/wp-content\/uploads\/2024\/09\/servimenu2-1024x254.png 1024w, https:\/\/hps68.fr\/wp-content\/uploads\/2024\/09\/servimenu2-768x190.png 768w, https:\/\/hps68.fr\/wp-content\/uploads\/2024\/09\/servimenu2-1536x381.png 1536w, https:\/\/hps68.fr\/wp-content\/uploads\/2024\/09\/servimenu2-2048x508.png 2048w\" sizes=\"auto, (max-width: 4721px) 100vw, 4721px\" \/><span aria-hidden=\"true\" class=\"wp-block-cover__background has-theme-palette-9-background-color has-background-dim-60 has-background-dim\"><\/span><div class=\"wp-block-cover__inner-container is-layout-constrained wp-block-cover-is-layout-constrained\">\n<h1 class=\"wp-block-heading has-text-align-center has-theme-palette-2-color has-text-color has-link-color has-large-font-size wp-elements-f9546c653d8074cc648bea134ba8ceee\">Nos services<\/h1>\n\n\n\n<p class=\"has-text-align-center has-theme-palette-3-color has-text-color has-link-color wp-elements-1a9d892d008093aaec9eb6a1cece0bd5\"><strong>Prestations de services propos\u00e9es par la soci\u00e9t\u00e9 HPS<\/strong><\/p>\n\n\n\n<div class=\"wp-block-buttons is-content-justification-center is-layout-flex wp-container-core-buttons-is-layout-16018d1d wp-block-buttons-is-layout-flex\">\n<div class=\"wp-block-button is-style-fill\"><a class=\"wp-block-button__link has-custom-font-size wp-element-button\" href=\"#hyg-serv\" style=\"font-size:17px\"><strong>Hygi\u00e8ne alimentaire<\/strong><\/a><\/div>\n\n\n\n<div class=\"wp-block-button is-style-fill\"><a class=\"wp-block-button__link has-custom-font-size wp-element-button\" href=\"#prev-serv\" style=\"font-size:17px\"><strong>Pr\u00e9vention des risques<\/strong><\/a><\/div>\n<\/div>\n<\/div><\/div>\n\n\n\n<div style=\"height:10px\" aria-hidden=\"true\" class=\"wp-block-spacer\"><\/div>\n\n\n\n<div class=\"wp-block-cover alignfull\" style=\"min-height:51px;aspect-ratio:unset;\"><span aria-hidden=\"true\" class=\"wp-block-cover__background has-background-dim-100 has-background-dim has-background-gradient\" style=\"background:radial-gradient(rgb(94,245,255) 38%,rgb(0,39,111) 100%)\"><\/span><div class=\"wp-block-cover__inner-container is-layout-constrained wp-block-cover-is-layout-constrained\">\n<p class=\"has-text-align-center has-theme-palette-3-color has-text-color has-link-color wp-elements-7603f937325994791fd64b3641728ed7\" id=\"hyg-serv\" style=\"font-size:23px\"><strong>HYGIENE ALIMENTAIRE<\/strong><\/p>\n<\/div><\/div>\n\n\n\n<div style=\"height:10px\" aria-hidden=\"true\" class=\"wp-block-spacer\"><\/div>\n\n\n\n<div class=\"wp-block-cover alignfull\"><span aria-hidden=\"true\" class=\"wp-block-cover__background has-theme-palette-4-background-color has-background-dim-100 has-background-dim\"><\/span><div class=\"wp-block-cover__inner-container is-layout-constrained wp-block-cover-is-layout-constrained\">\n<p class=\"has-text-align-center has-large-font-size\"><\/p>\n\n\n\n<div class=\"wp-block-columns are-vertically-aligned-center is-layout-flex wp-container-core-columns-is-layout-9d6595d7 wp-block-columns-is-layout-flex\">\n<div class=\"wp-block-column is-vertically-aligned-center is-layout-flow wp-block-column-is-layout-flow\" style=\"flex-basis:33.33%\">\n<figure class=\"wp-block-image size-large\"><img loading=\"lazy\" decoding=\"async\" width=\"1024\" height=\"877\" src=\"https:\/\/hps68.fr\/wp-content\/uploads\/2025\/03\/qualipad-service-1024x877.png\" alt=\"\" class=\"wp-image-472\" srcset=\"https:\/\/hps68.fr\/wp-content\/uploads\/2025\/03\/qualipad-service-1024x877.png 1024w, https:\/\/hps68.fr\/wp-content\/uploads\/2025\/03\/qualipad-service-300x257.png 300w, https:\/\/hps68.fr\/wp-content\/uploads\/2025\/03\/qualipad-service-768x658.png 768w, https:\/\/hps68.fr\/wp-content\/uploads\/2025\/03\/qualipad-service.png 1186w\" sizes=\"auto, (max-width: 1024px) 100vw, 1024px\" \/><\/figure>\n<\/div>\n\n\n\n<div class=\"wp-block-column is-vertically-aligned-center is-layout-flow wp-block-column-is-layout-flow\" style=\"flex-basis:66.66%\">\n<p class=\"has-text-align-center has-theme-palette-9-color has-text-color has-link-color has-medium-font-size wp-elements-72251406870d104660eafae350414b3a\"><strong>Mise en place d&rsquo;une solution HACCP num\u00e9rique avec une assistance technique et r\u00e9glementaire d\u00e9di\u00e9e vous permettant de ma\u00eetriser votre plan de ma\u00eetrise sanitaire (PMS) \u00e0 travers une multitude fonctionnalit\u00e9s<\/strong>.<\/p>\n\n\n<div class=\"wp-block-image\">\n<figure class=\"aligncenter size-medium\"><img loading=\"lazy\" decoding=\"async\" width=\"300\" height=\"88\" src=\"https:\/\/hps68.fr\/wp-content\/uploads\/2025\/03\/icone-qualipad-300x88.png\" alt=\"\" class=\"wp-image-473\" srcset=\"https:\/\/hps68.fr\/wp-content\/uploads\/2025\/03\/icone-qualipad-300x88.png 300w, https:\/\/hps68.fr\/wp-content\/uploads\/2025\/03\/icone-qualipad-768x226.png 768w, https:\/\/hps68.fr\/wp-content\/uploads\/2025\/03\/icone-qualipad.png 1006w\" sizes=\"auto, (max-width: 300px) 100vw, 300px\" \/><\/figure>\n<\/div><\/div>\n<\/div>\n\n\n\n<div class=\"wp-block-buttons is-content-justification-center is-layout-flex wp-container-core-buttons-is-layout-16018d1d wp-block-buttons-is-layout-flex\">\n<div class=\"wp-block-button is-style-fill\"><a class=\"wp-block-button__link has-custom-font-size wp-element-button\" href=\"https:\/\/hps68.fr\/index.php\/qualipad\/\" style=\"font-size:17px\"><strong>EN SAVOIR PLUS SUR LA SOLUTION QUALIPAD<\/strong><\/a><\/div>\n<\/div>\n\n\n\n<div style=\"height:10px\" aria-hidden=\"true\" class=\"wp-block-spacer\"><\/div>\n<\/div><\/div>\n\n\n\n<h4 class=\"wp-block-heading has-text-color has-link-color wp-elements-5ce8efa325a4218f2054178532d8b875\" style=\"color:#5ef5ff\"><a href=\"https:\/\/hps68.fr\/wp-content\/uploads\/2024\/09\/PREST-HYG-001-Creation-de-votre-PMS.pdf\" target=\"_blank\" rel=\"noreferrer noopener\">Cr\u00e9ation de votre Plan de Ma\u00eetrise Sanitaire (PMS)<\/a><\/h4>\n\n\n\n<p>Cette prestation fournira \u00e0 votre \u00e9tablissement un PMS complet et adapt\u00e9 \u00e0 votre structure, vous permettant ainsi de garantir une s\u00e9curit\u00e9 sanitaire de vos productions.<\/p>\n\n\n\n<h4 class=\"wp-block-heading has-text-color has-link-color wp-elements-36d3ff63554c9c6bbf65edc28f93d3ec\" style=\"color:#5ef5ff\"><a href=\"https:\/\/hps68.fr\/wp-content\/uploads\/2024\/09\/PREST-HYG-002-Mise-a-jour-de-votre-PMS.pdf\" target=\"_blank\" rel=\"noreferrer noopener\">Mise \u00e0 jour de votre Plan de Ma\u00eetrise Sanitaire (PMS)<\/a><\/h4>\n\n\n\n<p>Cette prestation permettra \u00e0 votre \u00e9tablissement d\u2019avoir un PMS mis \u00e0 jour, complet et adapt\u00e9 \u00e0 votre \u00e9tablissement.&nbsp;<\/p>\n\n\n\n<h4 class=\"wp-block-heading has-text-color has-link-color wp-elements-a5358346ac9d092d1715dc502c274c4a\" style=\"color:#5ef5ff\"><a href=\"https:\/\/hps68.fr\/wp-content\/uploads\/2024\/09\/PREST-HYG-003-Creation-de-votre-demarche-HACCP.pdf\" target=\"_blank\" rel=\"noreferrer noopener\">Cr\u00e9ation de votre d\u00e9marche HACCP<\/a><\/h4>\n\n\n\n<p>Notre prestation fournira \u00e0 votre \u00e9tablissement un dossier HACCP complet et adapt\u00e9 \u00e0 votre structure, vous permettant ainsi de garantir une s\u00e9curit\u00e9 sanitaire de vos productions.&nbsp;<\/p>\n\n\n\n<h4 class=\"wp-block-heading has-theme-palette-9-color has-text-color has-link-color wp-elements-870d9bf878e7f807ac09dd2f0884ac96\"><a href=\"https:\/\/hps68.fr\/wp-content\/uploads\/2024\/09\/PREST-HYG-004-Mise-a-jour-de-votre-demarche-HACCP.pdf\" target=\"_blank\" rel=\"noreferrer noopener\">Mise \u00e0 jour de votre d\u00e9marche HACCP<\/a><\/h4>\n\n\n\n<p>Cette prestation permettra \u00e0 votre \u00e9tablissement d\u2019avoir une \u00e9tude HACCP mise \u00e0 jour, compl\u00e8te et adapt\u00e9e \u00e0 votre structure, vous permettant ainsi de garantir une s\u00e9curit\u00e9 sanitaire de vos productions.<\/p>\n\n\n\n<h4 class=\"wp-block-heading has-theme-palette-9-color has-text-color has-link-color wp-elements-c90fc0bd68324dd888c0ad4b16a78a33\"><a href=\"https:\/\/hps68.fr\/wp-content\/uploads\/2025\/01\/PREST-HYG-005-Audit-hygiene.pdf\" target=\"_blank\" rel=\"noreferrer noopener\">Audit hygi\u00e8ne et s\u00e9curit\u00e9 sanitaire des productions<\/a><\/h4>\n\n\n\n<p>Notre prestation d\u2019audit hygi\u00e8ne vous aide \u00e0 assurer au sein de votre \u00e9tablissement une hygi\u00e8ne irr\u00e9prochable et une parfaite maitrise de la qualit\u00e9 sanitaire de vos produits.<\/p>\n\n\n\n<h4 class=\"wp-block-heading has-theme-palette-9-color has-text-color has-link-color wp-elements-2dd8181938f0306b057120ffcd5fc0c2\"><a href=\"https:\/\/hps68.fr\/wp-content\/uploads\/2024\/09\/PREST-HYG-006-Creation-de-documents-qualite.pdf\" target=\"_blank\" rel=\"noreferrer noopener\">Cr\u00e9ation de documents qualit\u00e9<\/a><\/h4>\n\n\n\n<p>Notre prestation fournira \u00e0 votre \u00e9tablissement des documents adapt\u00e9s \u00e0 votre structure, vous permettant ainsi de garantir une s\u00e9curit\u00e9 sanitaire de vos productions.<\/p>\n\n\n\n<h4 class=\"wp-block-heading has-theme-palette-9-color has-text-color has-link-color wp-elements-fad77286d76ee86d89e5dd211163a2d1\"><a href=\"https:\/\/hps68.fr\/wp-content\/uploads\/2024\/09\/PREST-HYG-007-Plan-de-sanitation.pdf\" target=\"_blank\" rel=\"noreferrer noopener\">Plan de sanitation<\/a><\/h4>\n\n\n\n<p>Le plan de sanitation indique les actions pr\u00e9ventives mises en place dans la lutte contre les nuisibles que sont les rongeurs, les insectes. Cette proc\u00e9dure d\u2019hygi\u00e8ne r\u00e9pond \u00e0 des textes r\u00e9glementaires (Paquet Hygi\u00e8ne notamment) et est primordiale dans le cadre d\u2019une demande d\u2019agr\u00e9ment.<\/p>\n\n\n\n<h4 class=\"wp-block-heading has-theme-palette-9-color has-text-color has-link-color wp-elements-efe88632bbc4eb77131e0e453aea614a\"><a href=\"https:\/\/hps68.fr\/wp-content\/uploads\/2025\/01\/PREST-HYG-008-Coaching-hygiene.pdf\" target=\"_blank\" rel=\"noreferrer noopener\">Coaching en hygi\u00e8ne et s\u00e9curit\u00e9 sanitaire<\/a><\/h4>\n\n\n\n<p>Cette prestation permettra de faire v\u00e9rifier l\u2019application des r\u00e8gles g\u00e9n\u00e9rales d\u2019hygi\u00e8ne r\u00e9glementaires et de faire acqu\u00e9rir au personnel les bonnes pratiques d\u2019hygi\u00e8ne afin de garantir la s\u00e9curit\u00e9 sanitaire de vos productions.<\/p>\n\n\n\n<div style=\"height:25px\" aria-hidden=\"true\" class=\"wp-block-spacer\"><\/div>\n\n\n\n<div class=\"wp-block-buttons is-content-justification-right is-layout-flex wp-container-core-buttons-is-layout-765c4724 wp-block-buttons-is-layout-flex\">\n<div class=\"wp-block-button is-style-fill\"><a class=\"wp-block-button__link has-custom-font-size wp-element-button\" href=\"https:\/\/hps68.fr\/index.php\/contact\/\" style=\"font-size:17px\"><strong>CONTACTEZ-NOUS<\/strong><\/a><\/div>\n<\/div>\n\n\n\n<div style=\"height:25px\" aria-hidden=\"true\" class=\"wp-block-spacer\"><\/div>\n\n\n\n<div class=\"wp-block-cover alignfull\" style=\"min-height:51px;aspect-ratio:unset;\"><span aria-hidden=\"true\" class=\"wp-block-cover__background has-background-dim-100 has-background-dim has-background-gradient\" style=\"background:radial-gradient(rgb(94,245,255) 38%,rgb(0,39,111) 100%)\"><\/span><div class=\"wp-block-cover__inner-container is-layout-constrained wp-block-cover-is-layout-constrained\">\n<p class=\"has-text-align-center has-theme-palette-3-color has-text-color has-link-color wp-elements-2f85f896b99929a70eb6d7ade7e1de1b\" id=\"prev-serv\" style=\"font-size:23px\"><strong>PREVENTION DES RISQUES<\/strong><\/p>\n<\/div><\/div>\n\n\n\n<h4 class=\"wp-block-heading has-theme-palette-9-color has-text-color has-link-color wp-elements-8450d4f50db876dc8fb74b93f774132b\"><a href=\"https:\/\/hps68.fr\/wp-content\/uploads\/2024\/09\/PREST-PREV-001-Creation-de-votre-DUERP.pdf\" target=\"_blank\" rel=\"noreferrer noopener\">Cr\u00e9ation de votre document unique (DUERP)<\/a><\/h4>\n\n\n\n<p>Notre prestation fournira \u00e0 votre \u00e9tablissement un DUERP complet et adapt\u00e9 \u00e0 votre structure.<\/p>\n\n\n\n<h4 class=\"wp-block-heading has-theme-palette-9-color has-text-color has-link-color wp-elements-4043dd86b6e589bbcb277bbdd004a52c\"><a href=\"https:\/\/hps68.fr\/wp-content\/uploads\/2024\/09\/PREST-PREV-002-Mise-a-jour-de-votre-DUERP.pdf\" target=\"_blank\" rel=\"noreferrer noopener\">Mise \u00e0 jour de votre document unique (DUERP)<\/a><\/h4>\n\n\n\n<p>Cette prestation permettra \u00e0 votre \u00e9tablissement d\u2019avoir un DUERP mis \u00e0 jour, complet et adapt\u00e9 \u00e0 votre structure.<\/p>\n\n\n\n<h4 class=\"wp-block-heading has-theme-palette-9-color has-text-color has-link-color wp-elements-b031c38a8453c5e6db958ee5592b9e0b\"><a href=\"https:\/\/hps68.fr\/wp-content\/uploads\/2025\/01\/PREST-PREV-003-Audit-sante-et-securite.pdf\" target=\"_blank\" rel=\"noreferrer noopener\">Audit sant\u00e9 et s\u00e9curit\u00e9<\/a><\/h4>\n\n\n\n<p>Notre prestation d\u2019audit sant\u00e9 et s\u00e9curit\u00e9 vous aide \u00e0 assurer au sein de votre \u00e9tablissement le respect des r\u00e8gles d\u2019ergonomie et de s\u00e9curit\u00e9 afin de limiter les accidents du travail et les maladies professionnelles.<\/p>\n\n\n\n<h4 class=\"wp-block-heading has-theme-palette-9-color has-text-color has-link-color wp-elements-6a039db08ab5c90ee78fa0e466fc6f05\"><a href=\"https:\/\/hps68.fr\/wp-content\/uploads\/2024\/09\/PREST-PREV-004-Accompagnement-DUERP.pdf\" target=\"_blank\" rel=\"noreferrer noopener\">Accompagnement cr\u00e9ation ou mise \u00e0 jour DUERP<\/a><\/h4>\n\n\n\n<p>Notre prestation aidera \u00e0 votre \u00e9tablissement \u00e0 cr\u00e9er ou mettre \u00e0 jour votre DUERP. Ainsi, ce dernier sera complet et adapt\u00e9 \u00e0 votre \u00e9tablissement gr\u00e2ce \u00e0 des outils simples et efficaces.<\/p>\n\n\n\n<h4 class=\"wp-block-heading has-theme-palette-9-color has-text-color has-link-color wp-elements-905f0ce939cc4fe01ecb47c9723cee98\"><a href=\"https:\/\/hps68.fr\/wp-content\/uploads\/2025\/01\/PREST-PREV-005-Exercice-devacuation-ou-de-confinement.pdf\" target=\"_blank\" rel=\"noreferrer noopener\">Exercice d\u2019\u00e9vacuation ou de confinement<\/a><\/h4>\n\n\n\n<p>Les exercices d\u2019\u00e9vacuation doivent avoir lieu au moins tous les six mois pour permettre \u00e0 l\u2019ensemble du personnel de r\u00e9agir face \u00e0 la menace incendie. Notre prestation permettra de pr\u00e9parer vos salari\u00e9s \u00e0 acqu\u00e9rir les bons r\u00e9flexes.<\/p>\n\n\n\n<div style=\"height:25px\" aria-hidden=\"true\" class=\"wp-block-spacer\"><\/div>\n\n\n\n<div class=\"wp-block-buttons is-content-justification-right is-layout-flex wp-container-core-buttons-is-layout-765c4724 wp-block-buttons-is-layout-flex\">\n<div class=\"wp-block-button is-style-fill\"><a class=\"wp-block-button__link has-custom-font-size wp-element-button\" href=\"https:\/\/hps68.fr\/index.php\/contact\/\" style=\"font-size:17px\"><strong>CONTACTEZ-NOUS<\/strong><\/a><\/div>\n<\/div>\n\n\n\n<div style=\"height:25px\" aria-hidden=\"true\" class=\"wp-block-spacer\"><\/div>\n\n\n\n<div style=\"height:0px\" aria-hidden=\"true\" class=\"wp-block-spacer\"><\/div>\n\n\n\n<p class=\"has-text-align-center has-theme-palette-9-color has-text-color has-link-color wp-elements-c44a7c6bb87e594c02da2ba7cb48f410\"><a href=\"#top-serv\"><strong>Haut de page<\/strong><\/a><strong>  <\/strong><a href=\"#top-serv\"><strong>\u2b06\ufe0f<\/strong><\/a><\/p>\n\n\n\n<p><\/p>\n","protected":false},"excerpt":{"rendered":"<p>Cr\u00e9ation de votre Plan de Ma\u00eetrise Sanitaire (PMS) Cette prestation fournira \u00e0 votre \u00e9tablissement un PMS complet et adapt\u00e9 \u00e0 votre structure, vous permettant ainsi de garantir une s\u00e9curit\u00e9 sanitaire de vos productions. Mise \u00e0 jour de votre Plan de Ma\u00eetrise Sanitaire (PMS) Cette prestation permettra \u00e0 votre \u00e9tablissement d\u2019avoir un PMS mis \u00e0 jour,&#8230;<\/p>\n","protected":false},"author":1,"featured_media":0,"parent":0,"menu_order":0,"comment_status":"closed","ping_status":"closed","template":"","meta":{"_kadence_starter_templates_imported_post":false,"_kad_post_transparent":"","_kad_post_title":"","_kad_post_layout":"","_kad_post_sidebar_id":"","_kad_post_content_style":"","_kad_post_vertical_padding":"","_kad_post_feature":"","_kad_post_feature_position":"","_kad_post_header":false,"_kad_post_footer":false,"_kad_post_classname":"","footnotes":""},"class_list":["post-10","page","type-page","status-publish","hentry"],"yoast_head":"<!-- This site is optimized with the Yoast SEO plugin v27.4 - https:\/\/yoast.com\/product\/yoast-seo-wordpress\/ -->\n<title>Nos services - Hygi\u00e8ne Pr\u00e9vention Services<\/title>\n<meta name=\"robots\" content=\"index, follow, max-snippet:-1, max-image-preview:large, max-video-preview:-1\" \/>\n<link rel=\"canonical\" href=\"https:\/\/hps68.fr\/index.php\/services\/\" \/>\n<meta property=\"og:locale\" content=\"fr_FR\" \/>\n<meta property=\"og:type\" content=\"article\" \/>\n<meta property=\"og:title\" content=\"Nos services - Hygi\u00e8ne Pr\u00e9vention Services\" \/>\n<meta property=\"og:description\" content=\"Cr\u00e9ation de votre Plan de Ma\u00eetrise Sanitaire (PMS) Cette prestation fournira \u00e0 votre \u00e9tablissement un PMS complet et adapt\u00e9 \u00e0 votre structure, vous permettant ainsi de garantir une s\u00e9curit\u00e9 sanitaire de vos productions. Mise \u00e0 jour de votre Plan de Ma\u00eetrise Sanitaire (PMS) Cette prestation permettra \u00e0 votre \u00e9tablissement d\u2019avoir un PMS mis \u00e0 jour,...\" \/>\n<meta property=\"og:url\" content=\"https:\/\/hps68.fr\/index.php\/services\/\" \/>\n<meta property=\"og:site_name\" content=\"Hygi\u00e8ne Pr\u00e9vention Services\" \/>\n<meta property=\"article:publisher\" content=\"https:\/\/www.facebook.com\/hps68\" \/>\n<meta property=\"article:modified_time\" content=\"2025-08-30T12:14:44+00:00\" \/>\n<meta property=\"og:image\" content=\"https:\/\/hps68.fr\/wp-content\/uploads\/2024\/09\/servimenu2-1024x254.png\" \/>\n\t<meta property=\"og:image:width\" content=\"1024\" \/>\n\t<meta property=\"og:image:height\" content=\"254\" \/>\n\t<meta property=\"og:image:type\" content=\"image\/png\" \/>\n<meta name=\"twitter:card\" content=\"summary_large_image\" \/>\n<meta name=\"twitter:label1\" content=\"Dur\u00e9e de lecture estim\u00e9e\" \/>\n\t<meta name=\"twitter:data1\" content=\"4 minutes\" \/>\n<script type=\"application\/ld+json\" class=\"yoast-schema-graph\">{\"@context\":\"https:\\\/\\\/schema.org\",\"@graph\":[{\"@type\":\"WebPage\",\"@id\":\"https:\\\/\\\/hps68.fr\\\/index.php\\\/services\\\/\",\"url\":\"https:\\\/\\\/hps68.fr\\\/index.php\\\/services\\\/\",\"name\":\"Nos services - Hygi\u00e8ne Pr\u00e9vention Services\",\"isPartOf\":{\"@id\":\"https:\\\/\\\/hps68.fr\\\/#website\"},\"primaryImageOfPage\":{\"@id\":\"https:\\\/\\\/hps68.fr\\\/index.php\\\/services\\\/#primaryimage\"},\"image\":{\"@id\":\"https:\\\/\\\/hps68.fr\\\/index.php\\\/services\\\/#primaryimage\"},\"thumbnailUrl\":\"https:\\\/\\\/hps68.fr\\\/wp-content\\\/uploads\\\/2024\\\/09\\\/servimenu2.png\",\"datePublished\":\"2024-09-30T07:59:15+00:00\",\"dateModified\":\"2025-08-30T12:14:44+00:00\",\"breadcrumb\":{\"@id\":\"https:\\\/\\\/hps68.fr\\\/index.php\\\/services\\\/#breadcrumb\"},\"inLanguage\":\"fr-FR\",\"potentialAction\":[{\"@type\":\"ReadAction\",\"target\":[\"https:\\\/\\\/hps68.fr\\\/index.php\\\/services\\\/\"]}]},{\"@type\":\"ImageObject\",\"inLanguage\":\"fr-FR\",\"@id\":\"https:\\\/\\\/hps68.fr\\\/index.php\\\/services\\\/#primaryimage\",\"url\":\"https:\\\/\\\/hps68.fr\\\/wp-content\\\/uploads\\\/2024\\\/09\\\/servimenu2.png\",\"contentUrl\":\"https:\\\/\\\/hps68.fr\\\/wp-content\\\/uploads\\\/2024\\\/09\\\/servimenu2.png\",\"width\":4721,\"height\":1170},{\"@type\":\"BreadcrumbList\",\"@id\":\"https:\\\/\\\/hps68.fr\\\/index.php\\\/services\\\/#breadcrumb\",\"itemListElement\":[{\"@type\":\"ListItem\",\"position\":1,\"name\":\"Accueil\",\"item\":\"https:\\\/\\\/hps68.fr\\\/\"},{\"@type\":\"ListItem\",\"position\":2,\"name\":\"Nos services\"}]},{\"@type\":\"WebSite\",\"@id\":\"https:\\\/\\\/hps68.fr\\\/#website\",\"url\":\"https:\\\/\\\/hps68.fr\\\/\",\"name\":\"Hygi\u00e8ne Pr\u00e9vention Services\",\"description\":\"Prestataire de services et de formations\",\"publisher\":{\"@id\":\"https:\\\/\\\/hps68.fr\\\/#organization\"},\"potentialAction\":[{\"@type\":\"SearchAction\",\"target\":{\"@type\":\"EntryPoint\",\"urlTemplate\":\"https:\\\/\\\/hps68.fr\\\/?s={search_term_string}\"},\"query-input\":{\"@type\":\"PropertyValueSpecification\",\"valueRequired\":true,\"valueName\":\"search_term_string\"}}],\"inLanguage\":\"fr-FR\"},{\"@type\":\"Organization\",\"@id\":\"https:\\\/\\\/hps68.fr\\\/#organization\",\"name\":\"Hygi\u00e8ne Pr\u00e9vention Services\",\"url\":\"https:\\\/\\\/hps68.fr\\\/\",\"logo\":{\"@type\":\"ImageObject\",\"inLanguage\":\"fr-FR\",\"@id\":\"https:\\\/\\\/hps68.fr\\\/#\\\/schema\\\/logo\\\/image\\\/\",\"url\":\"https:\\\/\\\/hps68.fr\\\/wp-content\\\/uploads\\\/2024\\\/09\\\/cropped-cropped-cropped-cropped-logo-3.png\",\"contentUrl\":\"https:\\\/\\\/hps68.fr\\\/wp-content\\\/uploads\\\/2024\\\/09\\\/cropped-cropped-cropped-cropped-logo-3.png\",\"width\":1940,\"height\":776,\"caption\":\"Hygi\u00e8ne Pr\u00e9vention Services\"},\"image\":{\"@id\":\"https:\\\/\\\/hps68.fr\\\/#\\\/schema\\\/logo\\\/image\\\/\"},\"sameAs\":[\"https:\\\/\\\/www.facebook.com\\\/hps68\",\"https:\\\/\\\/www.instagram.com\\\/hps.68\\\/\",\"https:\\\/\\\/www.linkedin.com\\\/company\\\/hps68\"]}]}<\/script>\n<!-- \/ Yoast SEO plugin. -->","yoast_head_json":{"title":"Nos services - Hygi\u00e8ne Pr\u00e9vention Services","robots":{"index":"index","follow":"follow","max-snippet":"max-snippet:-1","max-image-preview":"max-image-preview:large","max-video-preview":"max-video-preview:-1"},"canonical":"https:\/\/hps68.fr\/index.php\/services\/","og_locale":"fr_FR","og_type":"article","og_title":"Nos services - Hygi\u00e8ne Pr\u00e9vention Services","og_description":"Cr\u00e9ation de votre Plan de Ma\u00eetrise Sanitaire (PMS) Cette prestation fournira \u00e0 votre \u00e9tablissement un PMS complet et adapt\u00e9 \u00e0 votre structure, vous permettant ainsi de garantir une s\u00e9curit\u00e9 sanitaire de vos productions. Mise \u00e0 jour de votre Plan de Ma\u00eetrise Sanitaire (PMS) Cette prestation permettra \u00e0 votre \u00e9tablissement d\u2019avoir un PMS mis \u00e0 jour,...","og_url":"https:\/\/hps68.fr\/index.php\/services\/","og_site_name":"Hygi\u00e8ne Pr\u00e9vention Services","article_publisher":"https:\/\/www.facebook.com\/hps68","article_modified_time":"2025-08-30T12:14:44+00:00","og_image":[{"width":1024,"height":254,"url":"https:\/\/hps68.fr\/wp-content\/uploads\/2024\/09\/servimenu2-1024x254.png","type":"image\/png"}],"twitter_card":"summary_large_image","twitter_misc":{"Dur\u00e9e de lecture estim\u00e9e":"4 minutes"},"schema":{"@context":"https:\/\/schema.org","@graph":[{"@type":"WebPage","@id":"https:\/\/hps68.fr\/index.php\/services\/","url":"https:\/\/hps68.fr\/index.php\/services\/","name":"Nos services - Hygi\u00e8ne Pr\u00e9vention Services","isPartOf":{"@id":"https:\/\/hps68.fr\/#website"},"primaryImageOfPage":{"@id":"https:\/\/hps68.fr\/index.php\/services\/#primaryimage"},"image":{"@id":"https:\/\/hps68.fr\/index.php\/services\/#primaryimage"},"thumbnailUrl":"https:\/\/hps68.fr\/wp-content\/uploads\/2024\/09\/servimenu2.png","datePublished":"2024-09-30T07:59:15+00:00","dateModified":"2025-08-30T12:14:44+00:00","breadcrumb":{"@id":"https:\/\/hps68.fr\/index.php\/services\/#breadcrumb"},"inLanguage":"fr-FR","potentialAction":[{"@type":"ReadAction","target":["https:\/\/hps68.fr\/index.php\/services\/"]}]},{"@type":"ImageObject","inLanguage":"fr-FR","@id":"https:\/\/hps68.fr\/index.php\/services\/#primaryimage","url":"https:\/\/hps68.fr\/wp-content\/uploads\/2024\/09\/servimenu2.png","contentUrl":"https:\/\/hps68.fr\/wp-content\/uploads\/2024\/09\/servimenu2.png","width":4721,"height":1170},{"@type":"BreadcrumbList","@id":"https:\/\/hps68.fr\/index.php\/services\/#breadcrumb","itemListElement":[{"@type":"ListItem","position":1,"name":"Accueil","item":"https:\/\/hps68.fr\/"},{"@type":"ListItem","position":2,"name":"Nos services"}]},{"@type":"WebSite","@id":"https:\/\/hps68.fr\/#website","url":"https:\/\/hps68.fr\/","name":"Hygi\u00e8ne Pr\u00e9vention Services","description":"Prestataire de services et de formations","publisher":{"@id":"https:\/\/hps68.fr\/#organization"},"potentialAction":[{"@type":"SearchAction","target":{"@type":"EntryPoint","urlTemplate":"https:\/\/hps68.fr\/?s={search_term_string}"},"query-input":{"@type":"PropertyValueSpecification","valueRequired":true,"valueName":"search_term_string"}}],"inLanguage":"fr-FR"},{"@type":"Organization","@id":"https:\/\/hps68.fr\/#organization","name":"Hygi\u00e8ne Pr\u00e9vention Services","url":"https:\/\/hps68.fr\/","logo":{"@type":"ImageObject","inLanguage":"fr-FR","@id":"https:\/\/hps68.fr\/#\/schema\/logo\/image\/","url":"https:\/\/hps68.fr\/wp-content\/uploads\/2024\/09\/cropped-cropped-cropped-cropped-logo-3.png","contentUrl":"https:\/\/hps68.fr\/wp-content\/uploads\/2024\/09\/cropped-cropped-cropped-cropped-logo-3.png","width":1940,"height":776,"caption":"Hygi\u00e8ne Pr\u00e9vention Services"},"image":{"@id":"https:\/\/hps68.fr\/#\/schema\/logo\/image\/"},"sameAs":["https:\/\/www.facebook.com\/hps68","https:\/\/www.instagram.com\/hps.68\/","https:\/\/www.linkedin.com\/company\/hps68"]}]}},"_links":{"self":[{"href":"https:\/\/hps68.fr\/index.php\/wp-json\/wp\/v2\/pages\/10","targetHints":{"allow":["GET"]}}],"collection":[{"href":"https:\/\/hps68.fr\/index.php\/wp-json\/wp\/v2\/pages"}],"about":[{"href":"https:\/\/hps68.fr\/index.php\/wp-json\/wp\/v2\/types\/page"}],"author":[{"embeddable":true,"href":"https:\/\/hps68.fr\/index.php\/wp-json\/wp\/v2\/users\/1"}],"replies":[{"embeddable":true,"href":"https:\/\/hps68.fr\/index.php\/wp-json\/wp\/v2\/comments?post=10"}],"version-history":[{"count":26,"href":"https:\/\/hps68.fr\/index.php\/wp-json\/wp\/v2\/pages\/10\/revisions"}],"predecessor-version":[{"id":516,"href":"https:\/\/hps68.fr\/index.php\/wp-json\/wp\/v2\/pages\/10\/revisions\/516"}],"wp:attachment":[{"href":"https:\/\/hps68.fr\/index.php\/wp-json\/wp\/v2\/media?parent=10"}],"curies":[{"name":"wp","href":"https:\/\/api.w.org\/{rel}","templated":true}]}}